{"id":97,"date":"2017-05-22T14:49:17","date_gmt":"2017-05-22T12:49:17","guid":{"rendered":"http:\/\/elecfroidindustrie.fr\/?page_id=97"},"modified":"2017-05-25T16:46:06","modified_gmt":"2017-05-25T14:46:06","slug":"notre-structure","status":"publish","type":"page","link":"https:\/\/elecfroidindustrie.fr\/index.php\/notre-structure\/","title":{"rendered":"Notre structure"},"content":{"rendered":"<p><img loading=\"lazy\" decoding=\"async\" class=\"alignleft size-medium wp-image-122\" src=\"http:\/\/elecfroidindustrie.fr\/wp-content\/uploads\/2017\/05\/Entree-EFI-300x236.jpg\" alt=\"\" width=\"300\" height=\"236\" srcset=\"https:\/\/elecfroidindustrie.fr\/wp-content\/uploads\/2017\/05\/Entree-EFI-300x236.jpg 300w, https:\/\/elecfroidindustrie.fr\/wp-content\/uploads\/2017\/05\/Entree-EFI-768x605.jpg 768w, https:\/\/elecfroidindustrie.fr\/wp-content\/uploads\/2017\/05\/Entree-EFI-1024x807.jpg 1024w\" sizes=\"auto, (max-width: 300px) 100vw, 300px\" \/>\u00a0 Notre local de 800 m2 permet de r\u00e9unir en un m\u00eame lieu les services techniques, commerciaux et administratifs d\u2019E.F.I. Une proximit\u00e9 qui assure la coh\u00e9sion et la r\u00e9activit\u00e9 de nos \u00e9quipes pour un suivi rigoureux des clients en toute circonstance.<\/p>\n<p>L\u2019atelier de bobinage moteur,de r\u00e9paration, de fabrication et d\u2019usinage, la flotte de v\u00e9hicules \u00e9quip\u00e9s ainsi qu\u2019un large stock de pi\u00e8ces et<br \/>\nde moteurs garantissent des interventions rapides sur tous les types d\u2019installations.<\/p>\n<p>Le magasin de vente directe vous accueille avec des sp\u00e9cialistes \u00e0 votre \u00e9coute, pour b\u00e9n\u00e9ficier d\u2019un conseil avis\u00e9 et profiter d\u2019une prestation livraison\/enl\u00e8vement ainsi que d\u2019un service apr\u00e8s-vente de qualit\u00e9.<\/p>\n<p>&nbsp;<\/p>\n<p>&nbsp;<\/p>\n<p>E.F.I. dispose de son propre mat\u00e9riel bobinage au sein de l\u2019atelier : une bobineuse automatis\u00e9e WM500, une \u00e9tuve industrielle, un banc d\u2019essai \u00e9lectrique, u<img loading=\"lazy\" decoding=\"async\" class=\"alignright size-medium wp-image-120\" src=\"http:\/\/elecfroidindustrie.fr\/wp-content\/uploads\/2017\/05\/Bobineuse-300x212.jpg\" alt=\"\" width=\"300\" height=\"212\" srcset=\"https:\/\/elecfroidindustrie.fr\/wp-content\/uploads\/2017\/05\/Bobineuse-300x212.jpg 300w, https:\/\/elecfroidindustrie.fr\/wp-content\/uploads\/2017\/05\/Bobineuse-768x543.jpg 768w, https:\/\/elecfroidindustrie.fr\/wp-content\/uploads\/2017\/05\/Bobineuse-1024x725.jpg 1024w\" sizes=\"auto, (max-width: 300px) 100vw, 300px\" \/>n tour d\u2019usinage, une sableuse, une cabine de peinture et un mat\u00e9riel de levage de 2 tonnes.<\/p>\n<p>Ces ressources mat\u00e9rielles, coupl\u00e9es \u00e0 une \u00e9quipe hautement qualifi\u00e9e et \u00e0 une flotte de 8 v\u00e9hicules \u00e9quip\u00e9s et d\u2019un camion plateau avec grue, nous permettent d\u2019\u00e9viter la sous-traitance afin<br \/>\nde r\u00e9pondre aux demandes les plus vari\u00e9es dans de brefs d\u00e9lais.<\/p>\n<p>Un stock important de moteurs \u00e9lectriques, de 0,07kw \u00e0 90kw, de motor\u00e9ducteurs, de syst\u00e8mes d\u2019entrainement et de variateurs de fr\u00e9quence assure des solutions compl\u00e8tes pour r\u00e9parer, moderniser ou remplacer les \u00e9quipements existants.<\/p>\n<p>&nbsp;<\/p>\n<p><img loading=\"lazy\" decoding=\"async\" class=\"size-medium wp-image-124 alignleft\" src=\"http:\/\/elecfroidindustrie.fr\/wp-content\/uploads\/2017\/05\/cabine-266x300.jpg\" alt=\"\" width=\"266\" height=\"300\" srcset=\"https:\/\/elecfroidindustrie.fr\/wp-content\/uploads\/2017\/05\/cabine-266x300.jpg 266w, https:\/\/elecfroidindustrie.fr\/wp-content\/uploads\/2017\/05\/cabine.jpg 530w\" sizes=\"auto, (max-width: 266px) 100vw, 266px\" \/>Nos frigoristes habilit\u00e9s, nos techniciens en bobinages, nos sp\u00e9cialistes de l\u2019usinage de pi\u00e8ces sur-mesure ainsi que nos installateurs exp\u00e9riment\u00e9s peuvent intervenir sur des installations allant de l\u2019atelier d\u2019artisan aux infrastructures d\u2019agglom\u00e9rations, en passant par des sites industriels, des b\u00e2timents tertiaires, des h\u00f4tels, etc.<\/p>\n","protected":false},"excerpt":{"rendered":"<p>\u00a0 Notre local de 800 m2 permet de r\u00e9unir en un m\u00eame lieu les services techniques, commerciaux et administratifs d\u2019E.F.I. Une proximit\u00e9 qui assure la coh\u00e9sion et la r\u00e9activit\u00e9 de nos \u00e9quipes pour un suivi rigoureux des clients en toute&hellip; <\/p>\n","protected":false},"author":1,"featured_media":0,"parent":0,"menu_order":0,"comment_status":"closed","ping_status":"closed","template":"","meta":{"footnotes":""},"class_list":["post-97","page","type-page","status-publish","hentry"],"_links":{"self":[{"href":"https:\/\/elecfroidindustrie.fr\/index.php\/wp-json\/wp\/v2\/pages\/97","targetHints":{"allow":["GET"]}}],"collection":[{"href":"https:\/\/elecfroidindustrie.fr\/index.php\/wp-json\/wp\/v2\/pages"}],"about":[{"href":"https:\/\/elecfroidindustrie.fr\/index.php\/wp-json\/wp\/v2\/types\/page"}],"author":[{"embeddable":true,"href":"https:\/\/elecfroidindustrie.fr\/index.php\/wp-json\/wp\/v2\/users\/1"}],"replies":[{"embeddable":true,"href":"https:\/\/elecfroidindustrie.fr\/index.php\/wp-json\/wp\/v2\/comments?post=97"}],"version-history":[{"count":8,"href":"https:\/\/elecfroidindustrie.fr\/index.php\/wp-json\/wp\/v2\/pages\/97\/revisions"}],"predecessor-version":[{"id":149,"href":"https:\/\/elecfroidindustrie.fr\/index.php\/wp-json\/wp\/v2\/pages\/97\/revisions\/149"}],"wp:attachment":[{"href":"https:\/\/elecfroidindustrie.fr\/index.php\/wp-json\/wp\/v2\/media?parent=97"}],"curies":[{"name":"wp","href":"https:\/\/api.w.org\/{rel}","templated":true}]}}