{"id":2,"date":"2017-05-19T13:35:29","date_gmt":"2017-05-19T11:35:29","guid":{"rendered":"http:\/\/elecfroidindustrie.fr\/?page_id=2"},"modified":"2020-01-02T08:47:59","modified_gmt":"2020-01-02T07:47:59","slug":"page-d-exemple","status":"publish","type":"page","link":"https:\/\/elecfroidindustrie.fr\/","title":{"rendered":"Acceuil"},"content":{"rendered":"<p>Cr\u00e9\u00e9 en 1981 \u00e0 Cagnes-sur-Mer, E.F.I. (Elec Froid Industrie) n\u2019a cess\u00e9 de cro\u00eetre pour s\u2019imposer aujourd\u2019hui dans le bobinage moteur et dans l&rsquo;\u00e9lectrom\u00e9canique industrielle en r\u00e9gion Provence-Alpes-C\u00f4te-d\u2019Azur.<\/p>\n<p>Bas\u00e9e depuis 2013 au c\u0153ur de la Z.I. de Carros, E.F.I. s\u2019appuie sur sa solide exp\u00e9rience et son infrastructure compl\u00e8te pour offrir des prestations de haute technicit\u00e9.<\/p>\n<p>Son service apr\u00e8s-vente r\u00e9actif et son r\u00e9seau de fournisseurs reconnus sont autant d\u2019atouts pour la r\u00e9ussite de tous vos projets.<\/p>\n<p>Les techniciens sp\u00e9cialis\u00e9s d\u2019EFI interviennent notamment sur les moteurs \u00e9lectriques, les machines tournantes, l\u2019air comprim\u00e9, le bobinage, les pompes et le g\u00e9nie climatique, que se soit pour le compte de groupes nationaux ou d\u2019artisans.<\/p>\n<p>&nbsp;<\/p>\n<p><img loading=\"lazy\" decoding=\"async\" class=\"aligncenter wp-image-189 size-full\" src=\"http:\/\/elecfroidindustrie.fr\/wp-content\/uploads\/2018\/05\/bandeau-mark-v2.jpg\" alt=\"\" width=\"1024\" height=\"200\" srcset=\"https:\/\/elecfroidindustrie.fr\/wp-content\/uploads\/2018\/05\/bandeau-mark-v2.jpg 1024w, https:\/\/elecfroidindustrie.fr\/wp-content\/uploads\/2018\/05\/bandeau-mark-v2-300x59.jpg 300w, https:\/\/elecfroidindustrie.fr\/wp-content\/uploads\/2018\/05\/bandeau-mark-v2-768x150.jpg 768w\" sizes=\"auto, (max-width: 1024px) 100vw, 1024px\" \/><\/p>\n","protected":false},"excerpt":{"rendered":"<p>Cr\u00e9\u00e9 en 1981 \u00e0 Cagnes-sur-Mer, E.F.I. (Elec Froid Industrie) n\u2019a cess\u00e9 de cro\u00eetre pour s\u2019imposer aujourd\u2019hui dans le bobinage moteur et dans l&rsquo;\u00e9lectrom\u00e9canique industrielle en r\u00e9gion Provence-Alpes-C\u00f4te-d\u2019Azur. Bas\u00e9e depuis 2013 au c\u0153ur de la Z.I. de Carros, E.F.I. s\u2019appuie sur&hellip; <\/p>\n","protected":false},"author":1,"featured_media":0,"parent":0,"menu_order":0,"comment_status":"closed","ping_status":"open","template":"","meta":{"footnotes":""},"class_list":["post-2","page","type-page","status-publish","hentry"],"_links":{"self":[{"href":"https:\/\/elecfroidindustrie.fr\/index.php\/wp-json\/wp\/v2\/pages\/2","targetHints":{"allow":["GET"]}}],"collection":[{"href":"https:\/\/elecfroidindustrie.fr\/index.php\/wp-json\/wp\/v2\/pages"}],"about":[{"href":"https:\/\/elecfroidindustrie.fr\/index.php\/wp-json\/wp\/v2\/types\/page"}],"author":[{"embeddable":true,"href":"https:\/\/elecfroidindustrie.fr\/index.php\/wp-json\/wp\/v2\/users\/1"}],"replies":[{"embeddable":true,"href":"https:\/\/elecfroidindustrie.fr\/index.php\/wp-json\/wp\/v2\/comments?post=2"}],"version-history":[{"count":32,"href":"https:\/\/elecfroidindustrie.fr\/index.php\/wp-json\/wp\/v2\/pages\/2\/revisions"}],"predecessor-version":[{"id":212,"href":"https:\/\/elecfroidindustrie.fr\/index.php\/wp-json\/wp\/v2\/pages\/2\/revisions\/212"}],"wp:attachment":[{"href":"https:\/\/elecfroidindustrie.fr\/index.php\/wp-json\/wp\/v2\/media?parent=2"}],"curies":[{"name":"wp","href":"https:\/\/api.w.org\/{rel}","templated":true}]}}