{"id":102,"date":"2017-05-22T14:52:04","date_gmt":"2017-05-22T12:52:04","guid":{"rendered":"http:\/\/elecfroidindustrie.fr\/?page_id=102"},"modified":"2018-01-22T08:49:23","modified_gmt":"2018-01-22T07:49:23","slug":"contact","status":"publish","type":"page","link":"https:\/\/elecfroidindustrie.fr\/index.php\/contact\/","title":{"rendered":"contact &#038; acc\u00e8s"},"content":{"rendered":"<p style=\"text-align: center;\"><iframe loading=\"lazy\" style=\"border: 0;\" src=\"https:\/\/www.google.com\/maps\/embed?pb=!1m14!1m8!1m3!1d11516.832541219226!2d7.185911!3d43.810042!3m2!1i1024!2i768!4f13.1!3m3!1m2!1s0x0%3A0xc308efdb55746712!2sElec+Froid+Industrie+(E.F.I)!5e0!3m2!1sfr!2sfr!4v1495460422675\" width=\"600\" height=\"450\" frameborder=\"0\" allowfullscreen=\"allowfullscreen\"><\/iframe><\/p>\n<p style=\"text-align: center;\"><img loading=\"lazy\" decoding=\"async\" class=\"aligncenter wp-image-4\" src=\"http:\/\/elecfroidindustrie.fr\/wp-content\/uploads\/2017\/05\/Newlogo2015.bmp\" alt=\"\" width=\"300\" height=\"202\" \/><\/p>\n<p style=\"text-align: center;\">ZI Carros &#8211; 6001M &#8211; 1er Av<br \/>\n06510 Le BROC<br \/>\nT\u00e9l : 04.93.18.10.56 Fax : 04.93.18.11.65<br \/>\n<a href=\"mailto:contact@elecfroidindustrie.fr\"> contact@elecfroidindustrie.fr <\/a><\/p>\n<p style=\"text-align: center;\"><strong>Horaire d&rsquo;ouverture Ouverture :<\/strong><\/p>\n<p style=\"text-align: center;\">du lundi au jeudi de 8h \u00e0 12h et de 13h \u00e0 17h. Le vendredi de 8h \u00e0 12h et de 14h \u00e0 17h .<\/p>\n","protected":false},"excerpt":{"rendered":"<p>ZI Carros &#8211; 6001M &#8211; 1er Av 06510 Le BROC T\u00e9l : 04.93.18.10.56 Fax : 04.93.18.11.65 contact@elecfroidindustrie.fr Horaire d&rsquo;ouverture Ouverture : du lundi au jeudi de 8h \u00e0 12h et de 13h \u00e0 17h. Le vendredi de 8h \u00e0 12h&hellip; <\/p>\n","protected":false},"author":1,"featured_media":0,"parent":0,"menu_order":0,"comment_status":"closed","ping_status":"closed","template":"page-templates\/contact.php","meta":{"footnotes":""},"class_list":["post-102","page","type-page","status-publish","hentry"],"_links":{"self":[{"href":"https:\/\/elecfroidindustrie.fr\/index.php\/wp-json\/wp\/v2\/pages\/102","targetHints":{"allow":["GET"]}}],"collection":[{"href":"https:\/\/elecfroidindustrie.fr\/index.php\/wp-json\/wp\/v2\/pages"}],"about":[{"href":"https:\/\/elecfroidindustrie.fr\/index.php\/wp-json\/wp\/v2\/types\/page"}],"author":[{"embeddable":true,"href":"https:\/\/elecfroidindustrie.fr\/index.php\/wp-json\/wp\/v2\/users\/1"}],"replies":[{"embeddable":true,"href":"https:\/\/elecfroidindustrie.fr\/index.php\/wp-json\/wp\/v2\/comments?post=102"}],"version-history":[{"count":15,"href":"https:\/\/elecfroidindustrie.fr\/index.php\/wp-json\/wp\/v2\/pages\/102\/revisions"}],"predecessor-version":[{"id":187,"href":"https:\/\/elecfroidindustrie.fr\/index.php\/wp-json\/wp\/v2\/pages\/102\/revisions\/187"}],"wp:attachment":[{"href":"https:\/\/elecfroidindustrie.fr\/index.php\/wp-json\/wp\/v2\/media?parent=102"}],"curies":[{"name":"wp","href":"https:\/\/api.w.org\/{rel}","templated":true}]}}